{"id":663,"date":"2017-07-20T05:19:53","date_gmt":"2017-07-20T05:19:53","guid":{"rendered":"http:\/\/104.131.177.38\/demo2\/wp\/trendymag\/?page_id=663"},"modified":"2020-09-09T16:07:41","modified_gmt":"2020-09-09T19:07:41","slug":"a-radio","status":"publish","type":"page","link":"https:\/\/ligana104.com.br\/2021\/a-radio\/","title":{"rendered":"A R\u00e1dio"},"content":{"rendered":"<div class=\"wpb-content-wrapper\"><p>[vc_row][vc_column][vc_column_text]<img decoding=\"async\" loading=\"lazy\" class=\"alignnone wp-image-4770\" src=\"https:\/\/ligana104.com.br\/2021\/wp-content\/uploads\/2020\/09\/WhatsApp-Image-2020-09-09-at-13.23.34.jpeg\" alt=\"\" width=\"750\" height=\"631\" srcset=\"https:\/\/ligana104.com.br\/2021\/wp-content\/uploads\/2020\/09\/WhatsApp-Image-2020-09-09-at-13.23.34.jpeg 983w, https:\/\/ligana104.com.br\/2021\/wp-content\/uploads\/2020\/09\/WhatsApp-Image-2020-09-09-at-13.23.34-300x252.jpeg 300w, https:\/\/ligana104.com.br\/2021\/wp-content\/uploads\/2020\/09\/WhatsApp-Image-2020-09-09-at-13.23.34-768x646.jpeg 768w\" sizes=\"(max-width: 750px) 100vw, 750px\" \/>Em 1980 nascia em Rondon\u00f3polis uma das mais importantes emissoras de FM do Mato Grosso. A r\u00e1dio Amorin 104 FM, a primeira emissora FM da cidade e tamb\u00e9m a primeira em audi\u00eancia, pr\u00eamios e tamb\u00e9m a r\u00e1dio com o maior n\u00famero de sorrisos por minuto. A 104 FM \u00e9 a r\u00e1dio da alegria, inova\u00e7\u00e3o, sucesso e tamb\u00e9m do cora\u00e7\u00e3o dos mato-grossenses.[\/vc_column_text][\/vc_column][\/vc_row][vc_row][vc_column][\/vc_column][\/vc_row]<\/p>\n<\/div>","protected":false},"excerpt":{"rendered":"<p>[vc_row][vc_column][vc_column_text]Em 1980 nascia em Rondon\u00f3polis uma das mais importantes emissoras de FM do Mato Grosso. A r\u00e1dio Amorin 104 FM, a primeira emissora FM da cidade e tamb\u00e9m a primeira em audi\u00eancia, pr\u00eamios e tamb\u00e9m a r\u00e1dio com o maior n\u00famero de sorrisos por minuto. A 104 FM \u00e9 a r\u00e1dio da alegria, inova\u00e7\u00e3o, sucesso [&hellip;]<\/p>\n","protected":false},"author":1,"featured_media":0,"parent":0,"menu_order":0,"comment_status":"closed","ping_status":"closed","template":"page-templates\/page-sidebar-right.php","meta":[],"_links":{"self":[{"href":"https:\/\/ligana104.com.br\/2021\/wp-json\/wp\/v2\/pages\/663"}],"collection":[{"href":"https:\/\/ligana104.com.br\/2021\/wp-json\/wp\/v2\/pages"}],"about":[{"href":"https:\/\/ligana104.com.br\/2021\/wp-json\/wp\/v2\/types\/page"}],"author":[{"embeddable":true,"href":"https:\/\/ligana104.com.br\/2021\/wp-json\/wp\/v2\/users\/1"}],"replies":[{"embeddable":true,"href":"https:\/\/ligana104.com.br\/2021\/wp-json\/wp\/v2\/comments?post=663"}],"version-history":[{"count":4,"href":"https:\/\/ligana104.com.br\/2021\/wp-json\/wp\/v2\/pages\/663\/revisions"}],"predecessor-version":[{"id":4775,"href":"https:\/\/ligana104.com.br\/2021\/wp-json\/wp\/v2\/pages\/663\/revisions\/4775"}],"wp:attachment":[{"href":"https:\/\/ligana104.com.br\/2021\/wp-json\/wp\/v2\/media?parent=663"}],"curies":[{"name":"wp","href":"https:\/\/api.w.org\/{rel}","templated":true}]}}