{"id":4609,"date":"2020-03-03T21:51:52","date_gmt":"2020-03-04T00:51:52","guid":{"rendered":"http:\/\/ligana104.com.br\/2021\/?page_id=4609"},"modified":"2025-06-24T17:48:22","modified_gmt":"2025-06-24T20:48:22","slug":"comercial-anuncie-aqui-rondonopolis","status":"publish","type":"page","link":"https:\/\/ligana104.com.br\/2021\/comercial-anuncie-aqui-rondonopolis\/","title":{"rendered":"Comercial"},"content":{"rendered":"<div class=\"wpb-content-wrapper\"><p>[vc_row][vc_column][vc_column_text]<\/p>\n<h1>Quer Anunciar?<\/h1>\n<p><strong>Entre em contato conosco:<\/strong><\/p>\n<p>Atendimento Comercial: (66) 3426-8882<\/p>\n<p>E-mail: comercial@ligana104.com.br<\/p>\n<p><strong><a title=\"Baixe nossa tabela de pre\u00e7os &quot;Simplificada&quot;\" href=\"https:\/\/ligana104.com.br\/2021\/wp-content\/uploads\/2025\/06\/TABELA-104-2025.pdf\" target=\"_blank\" rel=\"noopener noreferrer\">Clique aqui e confira nossa Tabela de Pre\u00e7os em formato PDF<\/a><\/strong><\/p>\n<h2>Quer uma Blitz 104 em sua a\u00e7\u00e3o de vendas?\u00a0<a href=\"\/fale-conosco\/\" target=\"_blank\" rel=\"noopener noreferrer\">Clique aqui.<\/a><\/h2>\n<p>[\/vc_column_text][\/vc_column][\/vc_row][vc_row][vc_column][\/vc_column][\/vc_row]<\/p>\n<\/div>","protected":false},"excerpt":{"rendered":"<p>[vc_row][vc_column][vc_column_text] Quer Anunciar? Entre em contato conosco: Atendimento Comercial: (66) 3426-8882 E-mail: comercial@ligana104.com.br Clique aqui e confira nossa Tabela de Pre\u00e7os em formato PDF Quer uma Blitz 104 em sua a\u00e7\u00e3o de vendas?\u00a0Clique aqui. [\/vc_column_text][\/vc_column][\/vc_row][vc_row][vc_column][\/vc_column][\/vc_row]<\/p>\n","protected":false},"author":1,"featured_media":0,"parent":0,"menu_order":0,"comment_status":"closed","ping_status":"closed","template":"page-templates\/page-sidebar-right.php","meta":[],"_links":{"self":[{"href":"https:\/\/ligana104.com.br\/2021\/wp-json\/wp\/v2\/pages\/4609"}],"collection":[{"href":"https:\/\/ligana104.com.br\/2021\/wp-json\/wp\/v2\/pages"}],"about":[{"href":"https:\/\/ligana104.com.br\/2021\/wp-json\/wp\/v2\/types\/page"}],"author":[{"embeddable":true,"href":"https:\/\/ligana104.com.br\/2021\/wp-json\/wp\/v2\/users\/1"}],"replies":[{"embeddable":true,"href":"https:\/\/ligana104.com.br\/2021\/wp-json\/wp\/v2\/comments?post=4609"}],"version-history":[{"count":5,"href":"https:\/\/ligana104.com.br\/2021\/wp-json\/wp\/v2\/pages\/4609\/revisions"}],"predecessor-version":[{"id":9101,"href":"https:\/\/ligana104.com.br\/2021\/wp-json\/wp\/v2\/pages\/4609\/revisions\/9101"}],"wp:attachment":[{"href":"https:\/\/ligana104.com.br\/2021\/wp-json\/wp\/v2\/media?parent=4609"}],"curies":[{"name":"wp","href":"https:\/\/api.w.org\/{rel}","templated":true}]}}